{"id":11,"date":"2013-09-06T12:33:44","date_gmt":"2013-09-06T10:33:44","guid":{"rendered":"http:\/\/judoduesseldorf.de\/?page_id=11"},"modified":"2017-11-24T00:58:59","modified_gmt":"2017-11-23T23:58:59","slug":"ausrichter","status":"publish","type":"page","link":"http:\/\/judoduesseldorf.de\/?page_id=11","title":{"rendered":"Trainingszeiten"},"content":{"rendered":"<p><strong>U15 &#8211; St\u00fctzpunkt-Training<\/strong><\/p>\n<p>17:30 bis 19:30 Uhr Montags: D\u00fcsseldorf (Trainer: Jens Kaiser)<\/p>\n<p>17:30 bis 19:00 Uhr Mittwochs: D\u00fcsseldorf (Trainerin: Jens Kaiser)<\/p>\n<p>&nbsp;<\/p>\n<p><strong>ab U17 &#8211; St\u00fctzpunkt-Training<\/strong><\/p>\n<p>19:00 bis 20:45 Uhr\u00a0Montags: D\u00fcsseldorf (Trainer:\u00a0<a title=\"Trainer\" href=\"http:\/\/judoduesseldorf.de\/?page_id=8\">Peter Schlatter<\/a>)<\/p>\n<p>19:00 bis 21:00 Uhr Mittwochs: D\u00fcsseldorf (Trainer: <a title=\"Trainer\" href=\"http:\/\/judoduesseldorf.de\/?page_id=8\">Lukas Krautmacher<\/a>)<\/p>\n<p>&nbsp;<\/p>\n<p><strong>Mitglieder aller Judo-Vereine, die dem NWJV angeschlossen sind, d\u00fcrfen kostenfrei an den St\u00fctzpunkt-Trainings teilnehmen.<\/strong><\/p>\n","protected":false},"excerpt":{"rendered":"<p>U15 &#8211; St\u00fctzpunkt-Training 17:30 bis 19:30 Uhr Montags: D\u00fcsseldorf (Trainer: Jens Kaiser) 17:30 bis 19:00 Uhr Mittwochs: D\u00fcsseldorf (Trainerin: Jens Kaiser) &nbsp; ab U17 &#8211; St\u00fctzpunkt-Training 19:00 bis 20:45 Uhr\u00a0Montags: D\u00fcsseldorf (Trainer:\u00a0Peter Schlatter) 19:00 bis 21:00 Uhr Mittwochs: D\u00fcsseldorf (Trainer: Lukas Krautmacher) &nbsp; Mitglieder aller Judo-Vereine, die dem NWJV angeschlossen \u2026 <a class=\"continue-reading-link\" href=\"http:\/\/judoduesseldorf.de\/?page_id=11\">Mehr dazu&#8230;<\/a><\/p>\n","protected":false},"author":1,"featured_media":0,"parent":2,"menu_order":4,"comment_status":"closed","ping_status":"open","template":"","meta":[],"_links":{"self":[{"href":"http:\/\/judoduesseldorf.de\/index.php?rest_route=\/wp\/v2\/pages\/11"}],"collection":[{"href":"http:\/\/judoduesseldorf.de\/index.php?rest_route=\/wp\/v2\/pages"}],"about":[{"href":"http:\/\/judoduesseldorf.de\/index.php?rest_route=\/wp\/v2\/types\/page"}],"author":[{"embeddable":true,"href":"http:\/\/judoduesseldorf.de\/index.php?rest_route=\/wp\/v2\/users\/1"}],"replies":[{"embeddable":true,"href":"http:\/\/judoduesseldorf.de\/index.php?rest_route=%2Fwp%2Fv2%2Fcomments&post=11"}],"version-history":[{"count":13,"href":"http:\/\/judoduesseldorf.de\/index.php?rest_route=\/wp\/v2\/pages\/11\/revisions"}],"predecessor-version":[{"id":218,"href":"http:\/\/judoduesseldorf.de\/index.php?rest_route=\/wp\/v2\/pages\/11\/revisions\/218"}],"up":[{"embeddable":true,"href":"http:\/\/judoduesseldorf.de\/index.php?rest_route=\/wp\/v2\/pages\/2"}],"wp:attachment":[{"href":"http:\/\/judoduesseldorf.de\/index.php?rest_route=%2Fwp%2Fv2%2Fmedia&parent=11"}],"curies":[{"name":"wp","href":"https:\/\/api.w.org\/{rel}","templated":true}]}}