{"id":116,"date":"2014-06-29T12:33:32","date_gmt":"2014-06-29T11:33:32","guid":{"rendered":"http:\/\/judoduesseldorf.de\/?page_id=116"},"modified":"2014-06-29T15:50:21","modified_gmt":"2014-06-29T14:50:21","slug":"termine","status":"publish","type":"page","link":"http:\/\/judoduesseldorf.de\/?page_id=116","title":{"rendered":"Termine"},"content":{"rendered":"<p>Die Trainingszeiten w\u00e4hrend der Schulzeit finden Sie auf der Seite <a title=\"Trainingszeiten\" href=\"http:\/\/judoduesseldorf.de\/?page_id=11\">Trainingszeiten<\/a>\u00a0und au\u00dferhalb der Schulzeit auf der Seiten <a title=\"Ferien-Trainingszeiten\" href=\"http:\/\/judoduesseldorf.de\/?page_id=122\">Ferien-Trainingszeiten<\/a>.<\/p>\n<p>Die n\u00e4chsten f\u00fcnf Termine\u00a0in Listenform<\/p>\n\n\n\t<ul  class=\"eo-events eo-events-shortcode\" > \n\n\t\t\n\t\t\t\n\t\t\t<li class=\"eo-event-venue-landesleistungsstuetzpunkt-duesseldorf eo-event-cat-randori eo-event-cat-u15 eo-event-tag-duesseldorf eo-event-tag-harry eo-event-tag-judo eo-event-tag-landesleistungsstuetzpunkt eo-event-tag-neuhaus eo-event-tag-nwjv eo-event-tag-randori eo-event-tag-stuetzpunkt eo-event-past\" >\n\t\t\t\t<a href=\"http:\/\/judoduesseldorf.de\/?event=u15-stuetzpunkttraining\">U15 St\u00fctzpunkttraining<\/a> am 30. Juni 2014 17:30\t\t\t<\/li>\n\n\t\t\n\t\t\t\n\t\t\t<li class=\"eo-event-venue-landesleistungsstuetzpunkt-hilden eo-event-cat-erwachsene eo-event-cat-randori eo-event-cat-u17 eo-event-cat-u18 eo-event-cat-u21 eo-event-tag-duesseldorf eo-event-tag-erwachsene eo-event-tag-hilden eo-event-tag-judo eo-event-tag-landesleistungsstuetzpunkt eo-event-tag-nwjv eo-event-tag-peter eo-event-tag-randori eo-event-tag-schlatter eo-event-tag-stuetzpunkt eo-event-tag-u17 eo-event-tag-u18 eo-event-tag-u21 eo-event-past\" >\n\t\t\t\t<a href=\"http:\/\/judoduesseldorf.de\/?event=u17-stuetzpunkttraining\">U17+ St\u00fctzpunkttraining<\/a> am 30. Juni 2014 19:00\t\t\t<\/li>\n\n\t\t\n\t\t\t\n\t\t\t<li class=\"eo-event-venue-landesleistungsstuetzpunkt-hilden eo-event-cat-randori eo-event-cat-u15 eo-event-tag-hilden eo-event-tag-judo eo-event-tag-landesleistungsstuetzpunkt eo-event-tag-nwjv eo-event-tag-randori eo-event-tag-sturm eo-event-tag-stuetzpunkt eo-event-tag-trixi eo-event-past\" >\n\t\t\t\t<a href=\"http:\/\/judoduesseldorf.de\/?event=stuetzpunkttraining\">U15 St\u00fctzpunkttraining<\/a> am 2. Juli 2014 17:30\t\t\t<\/li>\n\n\t\t\n\t\t\t\n\t\t\t<li class=\"eo-event-venue-landesleistungsstuetzpunkt-hilden eo-event-cat-erwachsene eo-event-cat-randori eo-event-cat-u17 eo-event-cat-u18 eo-event-cat-u21 eo-event-tag-erwachsene eo-event-tag-harry eo-event-tag-hilden eo-event-tag-judo eo-event-tag-landesleistungsstuetzpunkt eo-event-tag-neuhaus eo-event-tag-nwjv eo-event-tag-randori eo-event-tag-stuetzpunkt eo-event-tag-u17 eo-event-tag-u18 eo-event-tag-u21 eo-event-past\" >\n\t\t\t\t<a href=\"http:\/\/judoduesseldorf.de\/?event=u17-stuetzpunkttraining-2\">U17+ St\u00fctzpunkttraining<\/a> am 2. Juli 2014 19:00\t\t\t<\/li>\n\n\t\t\n\t\t\t\n\t\t\t<li class=\"eo-event-venue-landesleistungsstuetzpunkt-hilden eo-event-cat-erwachsene eo-event-cat-randori eo-event-cat-u15 eo-event-cat-u17 eo-event-cat-u18 eo-event-cat-u21 eo-event-tag-brenger eo-event-tag-erwachsene eo-event-tag-ferien eo-event-tag-hilden eo-event-tag-judo eo-event-tag-landesleistungsstuetzpunkt eo-event-tag-nwjv eo-event-tag-randori eo-event-tag-sommer eo-event-tag-stefan eo-event-tag-stuetzpunkt eo-event-tag-u15 eo-event-tag-u17 eo-event-tag-u18 eo-event-tag-u21 eo-event-past\" >\n\t\t\t\t<a href=\"http:\/\/judoduesseldorf.de\/?event=ferien-training\">Ferien-Training<\/a> am 9. Juli 2014 18:00\t\t\t<\/li>\n\n\t\t\n\t<\/ul>\n\n\n<p>Und der Kalender in Monatsbl\u00e4ttern<\/p>\n<div id=\"eo_fullcalendar_1_loading\" class=\"eo-fullcalendar-loading\" ><img src=\"http:\/\/judoduesseldorf.de\/wp-content\/plugins\/event-organiser\/css\/images\/loading-image.gif\" class=\"eo-fullcalendar-loading-icon\" alt=\"Laden&#8230;\" \/> Laden&#8230;<\/div><div class=\"eo-fullcalendar eo-fullcalendar-shortcode eo-fullcalendar-reset eo-fullcalendar-responsive\" id=\"eo_fullcalendar_1\"><\/div>\n","protected":false},"excerpt":{"rendered":"<p>Die Trainingszeiten w\u00e4hrend der Schulzeit finden Sie auf der Seite Trainingszeiten\u00a0und au\u00dferhalb der Schulzeit auf der Seiten Ferien-Trainingszeiten. Die n\u00e4chsten f\u00fcnf Termine\u00a0in Listenform Und der Kalender in Monatsbl\u00e4ttern <a class=\"continue-reading-link\" href=\"http:\/\/judoduesseldorf.de\/?event=ferien-training\">Mehr dazu&#8230;<\/a><\/p>\n","protected":false},"author":1,"featured_media":0,"parent":0,"menu_order":0,"comment_status":"closed","ping_status":"open","template":"","meta":[],"_links":{"self":[{"href":"http:\/\/judoduesseldorf.de\/index.php?rest_route=\/wp\/v2\/pages\/116"}],"collection":[{"href":"http:\/\/judoduesseldorf.de\/index.php?rest_route=\/wp\/v2\/pages"}],"about":[{"href":"http:\/\/judoduesseldorf.de\/index.php?rest_route=\/wp\/v2\/types\/page"}],"author":[{"embeddable":true,"href":"http:\/\/judoduesseldorf.de\/index.php?rest_route=\/wp\/v2\/users\/1"}],"replies":[{"embeddable":true,"href":"http:\/\/judoduesseldorf.de\/index.php?rest_route=%2Fwp%2Fv2%2Fcomments&post=116"}],"version-history":[{"count":14,"href":"http:\/\/judoduesseldorf.de\/index.php?rest_route=\/wp\/v2\/pages\/116\/revisions"}],"predecessor-version":[{"id":181,"href":"http:\/\/judoduesseldorf.de\/index.php?rest_route=\/wp\/v2\/pages\/116\/revisions\/181"}],"wp:attachment":[{"href":"http:\/\/judoduesseldorf.de\/index.php?rest_route=%2Fwp%2Fv2%2Fmedia&parent=116"}],"curies":[{"name":"wp","href":"https:\/\/api.w.org\/{rel}","templated":true}]}}