{"id":122,"date":"2014-06-29T12:54:15","date_gmt":"2014-06-29T11:54:15","guid":{"rendered":"http:\/\/judoduesseldorf.de\/?page_id=122"},"modified":"2017-11-24T00:59:15","modified_gmt":"2017-11-23T23:59:15","slug":"ferien-trainingszeiten","status":"publish","type":"page","link":"http:\/\/judoduesseldorf.de\/?page_id=122","title":{"rendered":"Ferien-Trainingszeiten"},"content":{"rendered":"<p style=\"color: #666666;\">\n<p style=\"color: #666666;\"><strong>Mitglieder aller Judo-Vereine, die dem NWJV angeschlossen sind, d\u00fcrfen kostenfrei an den St\u00fctzpunkt-Trainings teilnehmen.<\/strong><\/p>\n<p style=\"color: #666666;\">Das Training w\u00e4hrend der Schulzeiten findet nach dem Plan auf der Seite\u00a0<a title=\"Trainingszeiten\" href=\"http:\/\/judoduesseldorf.de\/?page_id=11\">Trainingszeiten <\/a>statt.<\/p>\n","protected":false},"excerpt":{"rendered":"<p>Mitglieder aller Judo-Vereine, die dem NWJV angeschlossen sind, d\u00fcrfen kostenfrei an den St\u00fctzpunkt-Trainings teilnehmen. Das Training w\u00e4hrend der Schulzeiten findet nach dem Plan auf der Seite\u00a0Trainingszeiten statt. <a class=\"continue-reading-link\" href=\"http:\/\/judoduesseldorf.de\/?page_id=122\">Mehr dazu&#8230;<\/a><\/p>\n","protected":false},"author":1,"featured_media":0,"parent":2,"menu_order":100,"comment_status":"closed","ping_status":"open","template":"","meta":[],"_links":{"self":[{"href":"http:\/\/judoduesseldorf.de\/index.php?rest_route=\/wp\/v2\/pages\/122"}],"collection":[{"href":"http:\/\/judoduesseldorf.de\/index.php?rest_route=\/wp\/v2\/pages"}],"about":[{"href":"http:\/\/judoduesseldorf.de\/index.php?rest_route=\/wp\/v2\/types\/page"}],"author":[{"embeddable":true,"href":"http:\/\/judoduesseldorf.de\/index.php?rest_route=\/wp\/v2\/users\/1"}],"replies":[{"embeddable":true,"href":"http:\/\/judoduesseldorf.de\/index.php?rest_route=%2Fwp%2Fv2%2Fcomments&post=122"}],"version-history":[{"count":8,"href":"http:\/\/judoduesseldorf.de\/index.php?rest_route=\/wp\/v2\/pages\/122\/revisions"}],"predecessor-version":[{"id":219,"href":"http:\/\/judoduesseldorf.de\/index.php?rest_route=\/wp\/v2\/pages\/122\/revisions\/219"}],"up":[{"embeddable":true,"href":"http:\/\/judoduesseldorf.de\/index.php?rest_route=\/wp\/v2\/pages\/2"}],"wp:attachment":[{"href":"http:\/\/judoduesseldorf.de\/index.php?rest_route=%2Fwp%2Fv2%2Fmedia&parent=122"}],"curies":[{"name":"wp","href":"https:\/\/api.w.org\/{rel}","templated":true}]}}