{"id":6,"date":"2013-09-06T12:31:54","date_gmt":"2013-09-06T10:31:54","guid":{"rendered":"http:\/\/judoduesseldorf.de\/?page_id=6"},"modified":"2014-06-29T13:36:34","modified_gmt":"2014-06-29T12:36:34","slug":"anfahrt","status":"publish","type":"page","link":"http:\/\/judoduesseldorf.de\/?page_id=6","title":{"rendered":"Anfahrt"},"content":{"rendered":"<p>Zur Zeit gibt es zwei Standorte des Landesleistungsst\u00fctzpunkt D\u00fcsseldorf.<\/p>\n<h1><strong>D\u00fcsseldorf<\/strong><\/h1>\n<p>Ellerstra\u00dfe 84, 40227 D\u00fcsseldorf<br \/>\n(n\u00e4he Hauptbahnhof)<\/p>\n<p><iframe loading=\"lazy\" style=\"border:0\" src=\"https:\/\/www.google.com\/maps\/embed?pb=!1m18!1m12!1m3!1d9996.920994862247!2d6.795797877069292!3d51.21483398143403!2m3!1f0!2f0!3f0!3m2!1i1024!2i768!4f13.1!3m3!1m2!1s0x47b8ca3450528057%3A0xc693e1f7984bb7a1!2sEllerstra%C3%9Fe+84!5e0!3m2!1sde!2sde!4v1404045227612\" width=\"800\" height=\"300\" frameborder=\"0\"><\/iframe><\/p>\n<h1><strong>Hilden<\/strong><\/h1>\n<p>Fliednerhalle, Evangelisches Schulzentrum, Gerresheimer Str. 74, 40721 Hilden<br \/>\n(N\u00e4he A3, A59, A46)<\/p>\n<p><iframe loading=\"lazy\" src=\"https:\/\/www.google.com\/maps\/embed?pb=!1m14!1m8!1m3!1d20007.39923046082!2d6.915761181425333!3d51.18360701790575!3m2!1i1024!2i768!4f13.1!3m3!1m2!1s0x47b8cd6df4152ac3%3A0x4745cd4889e46e54!2sGerresheimer+Stra%C3%9Fe+74!5e0!3m2!1sde!2sde!4v1404045106953\" width=\"800\" height=\"300\" frameborder=\"0\"><\/iframe><\/p>\n","protected":false},"excerpt":{"rendered":"<p>Zur Zeit gibt es zwei Standorte des Landesleistungsst\u00fctzpunkt D\u00fcsseldorf. D\u00fcsseldorf Ellerstra\u00dfe 84, 40227 D\u00fcsseldorf (n\u00e4he Hauptbahnhof) Hilden Fliednerhalle, Evangelisches Schulzentrum, Gerresheimer Str. 74, 40721 Hilden (N\u00e4he A3, A59, A46) <a class=\"continue-reading-link\" href=\"http:\/\/judoduesseldorf.de\/?page_id=6\">Mehr dazu&#8230;<\/a><\/p>\n","protected":false},"author":1,"featured_media":0,"parent":2,"menu_order":0,"comment_status":"closed","ping_status":"open","template":"","meta":[],"_links":{"self":[{"href":"http:\/\/judoduesseldorf.de\/index.php?rest_route=\/wp\/v2\/pages\/6"}],"collection":[{"href":"http:\/\/judoduesseldorf.de\/index.php?rest_route=\/wp\/v2\/pages"}],"about":[{"href":"http:\/\/judoduesseldorf.de\/index.php?rest_route=\/wp\/v2\/types\/page"}],"author":[{"embeddable":true,"href":"http:\/\/judoduesseldorf.de\/index.php?rest_route=\/wp\/v2\/users\/1"}],"replies":[{"embeddable":true,"href":"http:\/\/judoduesseldorf.de\/index.php?rest_route=%2Fwp%2Fv2%2Fcomments&post=6"}],"version-history":[{"count":10,"href":"http:\/\/judoduesseldorf.de\/index.php?rest_route=\/wp\/v2\/pages\/6\/revisions"}],"predecessor-version":[{"id":143,"href":"http:\/\/judoduesseldorf.de\/index.php?rest_route=\/wp\/v2\/pages\/6\/revisions\/143"}],"up":[{"embeddable":true,"href":"http:\/\/judoduesseldorf.de\/index.php?rest_route=\/wp\/v2\/pages\/2"}],"wp:attachment":[{"href":"http:\/\/judoduesseldorf.de\/index.php?rest_route=%2Fwp%2Fv2%2Fmedia&parent=6"}],"curies":[{"name":"wp","href":"https:\/\/api.w.org\/{rel}","templated":true}]}}