{"id":8,"date":"2013-09-06T12:32:20","date_gmt":"2013-09-06T10:32:20","guid":{"rendered":"http:\/\/judoduesseldorf.de\/?page_id=8"},"modified":"2017-11-24T00:58:15","modified_gmt":"2017-11-23T23:58:15","slug":"eintritts","status":"publish","type":"page","link":"http:\/\/judoduesseldorf.de\/?page_id=8","title":{"rendered":"Trainer"},"content":{"rendered":"<p><img loading=\"lazy\" class=\"alignleft wp-image-109 size-full\" src=\"http:\/\/judoduesseldorf.de\/wp-content\/uploads\/2013\/09\/peter_schlatter_thb.jpg\" alt=\"Peter Schlatter\" width=\"140\" height=\"160\" srcset=\"http:\/\/judoduesseldorf.de\/wp-content\/uploads\/2013\/09\/peter_schlatter_thb.jpg 140w, http:\/\/judoduesseldorf.de\/wp-content\/uploads\/2013\/09\/peter_schlatter_thb-131x150.jpg 131w\" sizes=\"(max-width: 140px) 100vw, 140px\" \/><\/p>\n<p><strong>Peter Schlatter<\/strong><\/p>\n<p><em>St\u00fctzpunkt-Trainer<\/em><\/p>\n<p>Diplom Judo-Lehrer<br \/>\nEuropameister<\/p>\n<p>Kontakt: peter.schlatter@jc71.de<\/p>\n<p>&nbsp;<\/p>\n<p><span style=\"color: #000000;\"><b>Jens Kaiser<\/b><\/span><\/p>\n<p><em>St\u00fctzpunkt-Trainer<\/em><\/p>\n<p>Diplom Judo-Lehrer<br \/>\nHauptamtlicher Trainer<\/p>\n<p>&nbsp;<\/p>\n<p><a href=\"http:\/\/judoduesseldorf.de\/wp-content\/uploads\/2013\/09\/lukas_krautmacher_thb.jpg\"><img loading=\"lazy\" class=\"alignleft wp-image-194 size-full\" src=\"http:\/\/judoduesseldorf.de\/wp-content\/uploads\/2013\/09\/lukas_krautmacher_thb.jpg\" alt=\"Lukas Krautmacher\" width=\"140\" height=\"160\" srcset=\"http:\/\/judoduesseldorf.de\/wp-content\/uploads\/2013\/09\/lukas_krautmacher_thb.jpg 140w, http:\/\/judoduesseldorf.de\/wp-content\/uploads\/2013\/09\/lukas_krautmacher_thb-131x150.jpg 131w\" sizes=\"(max-width: 140px) 100vw, 140px\" \/><\/a><\/p>\n<p><strong>Lukas Krautmacher<\/strong><\/p>\n<p><em>St\u00fctzpunkt-Trainer<\/em><\/p>\n<p>Trainer A Leistungssport<br \/>\nEx-Bundesligist<\/p>\n<p>Kontakt: lukas.krautmacher@jc71.de<\/p>\n<p><strong><a href=\"http:\/\/judoduesseldorf.de\/wp-content\/uploads\/2013\/09\/iryna_sokha_thb.jpg\"><img loading=\"lazy\" class=\"alignleft wp-image-207 size-full\" src=\"http:\/\/judoduesseldorf.de\/wp-content\/uploads\/2013\/09\/iryna_sokha_thb.jpg\" alt=\"Iryna Sokha\" width=\"140\" height=\"160\" srcset=\"http:\/\/judoduesseldorf.de\/wp-content\/uploads\/2013\/09\/iryna_sokha_thb.jpg 140w, http:\/\/judoduesseldorf.de\/wp-content\/uploads\/2013\/09\/iryna_sokha_thb-131x150.jpg 131w\" sizes=\"(max-width: 140px) 100vw, 140px\" \/><\/a>Iryna Sokha<br \/>\n<\/strong><\/p>\n<p><em>St\u00fctzpunkt-Trainerin<\/em><\/p>\n<p>&nbsp;<\/p>\n<p>&nbsp;<\/p>\n<p>&nbsp;<\/p>\n<p>&nbsp;<\/p>\n","protected":false},"excerpt":{"rendered":"<p>Peter Schlatter St\u00fctzpunkt-Trainer Diplom Judo-Lehrer Europameister Kontakt: peter.schlatter@jc71.de &nbsp; Jens Kaiser St\u00fctzpunkt-Trainer Diplom Judo-Lehrer Hauptamtlicher Trainer &nbsp; Lukas Krautmacher St\u00fctzpunkt-Trainer Trainer A Leistungssport Ex-Bundesligist Kontakt: lukas.krautmacher@jc71.de Iryna Sokha St\u00fctzpunkt-Trainerin &nbsp; &nbsp; &nbsp; &nbsp; <a class=\"continue-reading-link\" href=\"http:\/\/judoduesseldorf.de\/?page_id=8\">Mehr dazu&#8230;<\/a><\/p>\n","protected":false},"author":1,"featured_media":0,"parent":2,"menu_order":0,"comment_status":"closed","ping_status":"open","template":"","meta":[],"_links":{"self":[{"href":"http:\/\/judoduesseldorf.de\/index.php?rest_route=\/wp\/v2\/pages\/8"}],"collection":[{"href":"http:\/\/judoduesseldorf.de\/index.php?rest_route=\/wp\/v2\/pages"}],"about":[{"href":"http:\/\/judoduesseldorf.de\/index.php?rest_route=\/wp\/v2\/types\/page"}],"author":[{"embeddable":true,"href":"http:\/\/judoduesseldorf.de\/index.php?rest_route=\/wp\/v2\/users\/1"}],"replies":[{"embeddable":true,"href":"http:\/\/judoduesseldorf.de\/index.php?rest_route=%2Fwp%2Fv2%2Fcomments&post=8"}],"version-history":[{"count":16,"href":"http:\/\/judoduesseldorf.de\/index.php?rest_route=\/wp\/v2\/pages\/8\/revisions"}],"predecessor-version":[{"id":217,"href":"http:\/\/judoduesseldorf.de\/index.php?rest_route=\/wp\/v2\/pages\/8\/revisions\/217"}],"up":[{"embeddable":true,"href":"http:\/\/judoduesseldorf.de\/index.php?rest_route=\/wp\/v2\/pages\/2"}],"wp:attachment":[{"href":"http:\/\/judoduesseldorf.de\/index.php?rest_route=%2Fwp%2Fv2%2Fmedia&parent=8"}],"curies":[{"name":"wp","href":"https:\/\/api.w.org\/{rel}","templated":true}]}}